{"id":67,"date":"2024-08-27T21:14:37","date_gmt":"2024-08-27T21:14:37","guid":{"rendered":"https:\/\/cvdoctor.at\/deutsch\/?page_id=67"},"modified":"2024-08-30T16:40:12","modified_gmt":"2024-08-30T16:40:12","slug":"about-me","status":"publish","type":"page","link":"https:\/\/cvdoctor.at\/deutsch\/about-me\/","title":{"rendered":"About Me"},"content":{"rendered":"\t\t<div data-elementor-type=\"wp-page\" data-elementor-id=\"67\" class=\"elementor elementor-67\">\n\t\t\t\t<div class=\"elementor-element elementor-element-82ceddd e-flex e-con-boxed e-con e-parent\" data-id=\"82ceddd\" data-element_type=\"container\" data-e-type=\"container\">\n\t\t\t\t\t<div class=\"e-con-inner\">\n\t\t\t\t<div class=\"elementor-element elementor-element-6b30366 elementor-widget elementor-widget-text-editor\" data-id=\"6b30366\" data-element_type=\"widget\" data-e-type=\"widget\" data-widget_type=\"text-editor.default\">\n\t\t\t\t<div class=\"elementor-widget-container\">\n\t\t\t\t\t\t\t\t\t<h1 style=\"text-align: center;\"><span style=\"color: #008000;\">Der CV-Arzt \u2013 Betreuung in \u00d6sterreich, Irland, Deutschland und den Niederlanden<\/span><\/h1><p><img fetchpriority=\"high\" decoding=\"async\" class=\"wp-image-53 aligncenter\" src=\"https:\/\/cvdoctor.at\/deutsch\/wp-content\/uploads\/2024\/08\/Vienna_Austria-page-300x170.png\" alt=\"\" width=\"397\" height=\"225\" srcset=\"https:\/\/cvdoctor.at\/deutsch\/wp-content\/uploads\/2024\/08\/Vienna_Austria-page-300x170.png 300w, https:\/\/cvdoctor.at\/deutsch\/wp-content\/uploads\/2024\/08\/Vienna_Austria-page.png 552w\" sizes=\"(max-width: 397px) 100vw, 397px\" \/><\/p><p>Seit \u00fcber einem Jahrzehnt arbeite ich von meinem Standort in Irland aus und habe ein starkes Netzwerk von F\u00fchrungskr\u00e4ften in \u00d6sterreich, Deutschland, den Niederlanden, Spanien und Belgien aufgebaut. Vor mehr als zehn Jahren gr\u00fcndete ich Pro CV in Irland, das sich seither als f\u00fchrend in der Lebenslauf-Branche in Irland, \u00d6sterreich, den Niederlanden und der weiteren EU etabliert hat.<\/p><p>Mit der Expansion meiner Kundenbasis, die nun viele Manager und F\u00fchrungskr\u00e4fte umfasst, begann ich, eng mit Senior Managern in gro\u00dfen St\u00e4dten und Gesch\u00e4ftszentren in Europa und dar\u00fcber hinaus zusammenzuarbeiten. Ich habe Expats in St\u00e4dten wie Wien, M\u00fcnchen, Genf und Z\u00fcrich unterst\u00fctzt und bin \u00fcberzeugt, dass ich Ihnen helfen kann, f\u00fcr jede F\u00fchrungsposition ins Vorstellungsgespr\u00e4ch eingeladen zu werden.<\/p><p>Ich spezialisiere mich auf die Erstellung au\u00dfergew\u00f6hnlicher Lebensl\u00e4ufe, die nicht nur \u00fcberzeugend sind, sondern auch f\u00fcr KI- und ATS-Software, die von vielen gro\u00dfen Unternehmen verwendet wird, optimiert sind. Das bedeutet, dass Sie einen Lebenslauf haben werden, der heraussticht und wahrgenommen wird. Sie haben nichts zu verlieren und alles zu gewinnen. Laden Sie jetzt Ihren Lebenslauf zur kostenlosen \u00dcberpr\u00fcfung hoch, und lassen Sie uns gemeinsam Ihre Karriere vorantreiben.<\/p>\t\t\t\t\t\t\t\t<\/div>\n\t\t\t\t<\/div>\n\t\t\t\t\t<\/div>\n\t\t\t\t<\/div>\n\t\t<div class=\"elementor-element elementor-element-fe93eb0 e-flex e-con-boxed e-con e-parent\" data-id=\"fe93eb0\" data-element_type=\"container\" data-e-type=\"container\">\n\t\t\t\t\t<div class=\"e-con-inner\">\n\t\t\t\t<div class=\"elementor-element elementor-element-846b768 elementor-widget elementor-widget-text-editor\" data-id=\"846b768\" data-element_type=\"widget\" data-e-type=\"widget\" data-widget_type=\"text-editor.default\">\n\t\t\t\t<div class=\"elementor-widget-container\">\n\t\t\t\t\t\t\t\t\t<h1 style=\"text-align: center;\"><span style=\"color: #008000;\">UM DEN PROZESS ZU BEGINNEN \u2013 LADEN SIE IHREN LEBENSLAUF HIER UNTER HOCH<\/span><\/h1><p>\n<div class=\"wpcf7 no-js\" id=\"wpcf7-f8-o1\" lang=\"en-US\" dir=\"ltr\" data-wpcf7-id=\"8\">\n<div class=\"screen-reader-response\"><p role=\"status\" aria-live=\"polite\" aria-atomic=\"true\"><\/p> <ul><\/ul><\/div>\n<form action=\"\/deutsch\/wp-json\/wp\/v2\/pages\/67#wpcf7-f8-o1\" method=\"post\" class=\"wpcf7-form init\" aria-label=\"Contact form\" enctype=\"multipart\/form-data\" novalidate=\"novalidate\" data-status=\"init\">\n<fieldset class=\"hidden-fields-container\"><input type=\"hidden\" name=\"_wpcf7\" value=\"8\" \/><input type=\"hidden\" name=\"_wpcf7_version\" value=\"6.1.5\" \/><input type=\"hidden\" name=\"_wpcf7_locale\" value=\"en_US\" \/><input type=\"hidden\" name=\"_wpcf7_unit_tag\" value=\"wpcf7-f8-o1\" \/><input type=\"hidden\" name=\"_wpcf7_container_post\" value=\"0\" \/><input type=\"hidden\" name=\"_wpcf7_posted_data_hash\" value=\"\" \/>\n<\/fieldset>\n<p><label> Your Name (required)<br \/>\n<span class=\"wpcf7-form-control-wrap\" data-name=\"your-name\"><input size=\"40\" maxlength=\"400\" class=\"wpcf7-form-control wpcf7-text wpcf7-validates-as-required\" aria-required=\"true\" aria-invalid=\"false\" value=\"\" type=\"text\" name=\"your-name\" \/><\/span> <\/label>\n<\/p>\n<p><label> Your Email (required)<br \/>\n<span class=\"wpcf7-form-control-wrap\" data-name=\"your-email\"><input size=\"40\" maxlength=\"400\" class=\"wpcf7-form-control wpcf7-email wpcf7-validates-as-required wpcf7-text wpcf7-validates-as-email\" aria-required=\"true\" aria-invalid=\"false\" value=\"\" type=\"email\" name=\"your-email\" \/><\/span> <\/label>\n<\/p>\n<p><label> Subject<br \/>\n<span class=\"wpcf7-form-control-wrap\" data-name=\"your-subject\"><input size=\"40\" maxlength=\"400\" class=\"wpcf7-form-control wpcf7-text wpcf7-validates-as-required\" aria-required=\"true\" aria-invalid=\"false\" value=\"\" type=\"text\" name=\"your-subject\" \/><\/span> <\/label>\n<\/p>\n<p><label> Your Message<br \/>\n<span class=\"wpcf7-form-control-wrap\" data-name=\"your-message\"><input size=\"40\" maxlength=\"400\" class=\"wpcf7-form-control wpcf7-text wpcf7-validates-as-required\" aria-required=\"true\" aria-invalid=\"false\" value=\"\" type=\"text\" name=\"your-message\" \/><\/span> <\/label>\n<\/p>\n<p><label> Please Upload Your Current CV<br \/>\n<span class=\"wpcf7-form-control-wrap\" data-name=\"file-403\"><input size=\"40\" class=\"wpcf7-form-control wpcf7-file wpcf7-validates-as-required\" accept=\".jpg,.jpeg,.png,.gif,.pdf,.doc,.docx,.odt\" aria-required=\"true\" aria-invalid=\"false\" type=\"file\" name=\"file-403\" \/><\/span> <\/label>\n<\/p>\n<p>ANTI &#8211; SPAM: Please Answer the following Question<br \/>\n<span class=\"wpcf7-form-control-wrap\" data-name=\"capital-quiz\"><label><span class=\"wpcf7-quiz-label\">Which is bigger, 2 or 8?<\/span> <input size=\"40\" class=\"wpcf7-form-control wpcf7-quiz\" autocomplete=\"off\" aria-required=\"true\" aria-invalid=\"false\" type=\"text\" name=\"capital-quiz\" \/><\/label><input type=\"hidden\" name=\"_wpcf7_quiz_answer_capital-quiz\" value=\"81070423a0bbe41f233da0f92d10aa8d\" \/><\/span>\n<\/p>\n<p><input class=\"wpcf7-form-control wpcf7-submit has-spinner\" type=\"submit\" value=\"Send\" \/>\n<\/p><p style=\"display: none !important;\" class=\"akismet-fields-container\" data-prefix=\"_wpcf7_ak_\"><label>&#916;<textarea name=\"_wpcf7_ak_hp_textarea\" cols=\"45\" rows=\"8\" maxlength=\"100\"><\/textarea><\/label><input type=\"hidden\" id=\"ak_js_1\" name=\"_wpcf7_ak_js\" value=\"234\"\/><script>document.getElementById( \"ak_js_1\" ).setAttribute( \"value\", ( new Date() ).getTime() );<\/script><\/p><div class=\"wpcf7-response-output\" aria-hidden=\"true\"><\/div>\n<\/form>\n<\/div>\n<\/p>\t\t\t\t\t\t\t\t<\/div>\n\t\t\t\t<\/div>\n\t\t\t\t\t<\/div>\n\t\t\t\t<\/div>\n\t\t<div class=\"elementor-element elementor-element-7a74c5a e-flex e-con-boxed e-con e-parent\" data-id=\"7a74c5a\" data-element_type=\"container\" data-e-type=\"container\">\n\t\t\t\t\t<div class=\"e-con-inner\">\n\t\t<div class=\"elementor-element elementor-element-ce487bf e-con-full e-flex e-con e-child\" data-id=\"ce487bf\" data-element_type=\"container\" data-e-type=\"container\">\n\t\t\t\t<div class=\"elementor-element elementor-element-d3ee84c elementor-widget elementor-widget-image\" data-id=\"d3ee84c\" data-element_type=\"widget\" data-e-type=\"widget\" data-widget_type=\"image.default\">\n\t\t\t\t<div class=\"elementor-widget-container\">\n\t\t\t\t\t\t\t\t\t\t\t\t\t\t\t<img decoding=\"async\" width=\"408\" height=\"262\" src=\"https:\/\/cvdoctor.at\/deutsch\/wp-content\/uploads\/2024\/08\/vienna33.png\" class=\"attachment-large size-large wp-image-54\" alt=\"\" srcset=\"https:\/\/cvdoctor.at\/deutsch\/wp-content\/uploads\/2024\/08\/vienna33.png 408w, https:\/\/cvdoctor.at\/deutsch\/wp-content\/uploads\/2024\/08\/vienna33-300x193.png 300w\" sizes=\"(max-width: 408px) 100vw, 408px\" \/>\t\t\t\t\t\t\t\t\t\t\t\t\t\t\t<\/div>\n\t\t\t\t<\/div>\n\t\t\t\t<\/div>\n\t\t<div class=\"elementor-element elementor-element-b4e7f95 e-con-full e-flex e-con e-child\" data-id=\"b4e7f95\" data-element_type=\"container\" data-e-type=\"container\">\n\t\t\t\t<div class=\"elementor-element elementor-element-63c3940 elementor-widget elementor-widget-text-editor\" data-id=\"63c3940\" data-element_type=\"widget\" data-e-type=\"widget\" data-widget_type=\"text-editor.default\">\n\t\t\t\t<div class=\"elementor-widget-container\">\n\t\t\t\t\t\t\t\t\t<h1 style=\"text-align: center;\"><span style=\"color: #008000;\">Ihr pers\u00f6nlicher Lebenslauf-Service f\u00fcr beruflichen Aufstieg<\/span><\/h1><p>Mit einem Jahrzehnt Erfahrung in der Erstellung von Lebensl\u00e4ufen, Bewerbungsschreiben und LinkedIn-Profilen f\u00fcr Fachkr\u00e4fte, Manager und F\u00fchrungskr\u00e4fte spezialisiere ich mich auf die Weiterentwicklung von Karrieren in verschiedenen Branchen, einschlie\u00dflich C-Level-Positionen, Technologie-Dienstleistungen, Finanzen, Gesch\u00e4ftsentwicklung, Projektmanagement, Vertrieb und Marketing. Meine Erfahrung umfasst die enge Zusammenarbeit mit Gr\u00fcndern und F\u00fchrungskr\u00e4ften in Startups, insbesondere in Wien und in vielen St\u00e4dten in \u00d6sterreich. Ich betreue Kunden aus allen Branchen und Hierarchieebenen und biete ma\u00dfgeschneiderte Lebensl\u00e4ufe an, die sowohl auf dem niederl\u00e4ndischen als auch auf dem globalen Arbeitsmarkt hervorstechen. In der heutigen schnelllebigen und wettbewerbsintensiven Arbeitswelt ist es entscheidend, einen Lebenslauf mit einem starken \u201eWow\u201c-Faktor und einem universell ansprechenden Format zu haben. Ich habe auch Kunden unterst\u00fctzt, die Unternehmen in zahlreichen Branchen weltweit anvisieren. Um zu beginnen, laden Sie einfach Ihren aktuellen Lebenslauf zur kostenlosen \u00dcberpr\u00fcfung hoch.<\/p>\t\t\t\t\t\t\t\t<\/div>\n\t\t\t\t<\/div>\n\t\t\t\t<\/div>\n\t\t\t\t\t<\/div>\n\t\t\t\t<\/div>\n\t\t<div class=\"elementor-element elementor-element-b8d390c e-con-full e-flex e-con e-parent\" data-id=\"b8d390c\" data-element_type=\"container\" data-e-type=\"container\" data-settings=\"{&quot;background_background&quot;:&quot;classic&quot;}\">\n\t\t<div class=\"elementor-element elementor-element-0e7141f e-flex e-con-boxed e-con e-child\" data-id=\"0e7141f\" data-element_type=\"container\" data-e-type=\"container\">\n\t\t\t\t\t<div class=\"e-con-inner\">\n\t\t\t\t<div class=\"elementor-element elementor-element-42db1fe elementor-widget elementor-widget-heading\" data-id=\"42db1fe\" data-element_type=\"widget\" data-e-type=\"widget\" data-widget_type=\"heading.default\">\n\t\t\t\t<div class=\"elementor-widget-container\">\n\t\t\t\t\t<h2 class=\"elementor-heading-title elementor-size-default\">Meine zufriedenen Kunden sagen\u2026<\/h2>\t\t\t\t<\/div>\n\t\t\t\t<\/div>\n\t\t\t\t\t<\/div>\n\t\t\t\t<\/div>\n\t\t<div class=\"elementor-element elementor-element-6d786e4 e-flex e-con-boxed e-con e-child\" data-id=\"6d786e4\" data-element_type=\"container\" data-e-type=\"container\">\n\t\t\t\t\t<div class=\"e-con-inner\">\n\t\t\t\t<div class=\"elementor-element elementor-element-03c7b05 elementor-widget__width-initial elementor-widget-mobile__width-inherit elementor-invisible elementor-widget elementor-widget-testimonial\" data-id=\"03c7b05\" data-element_type=\"widget\" data-e-type=\"widget\" data-settings=\"{&quot;_animation&quot;:&quot;fadeInUp&quot;}\" data-widget_type=\"testimonial.default\">\n\t\t\t\t<div class=\"elementor-widget-container\">\n\t\t\t\t\t\t\t<div class=\"elementor-testimonial-wrapper\">\n\t\t\t\t\t\t\t<div class=\"elementor-testimonial-content\">\u201eIch bin einfach begeistert von Sean bei den CV Doctor CV Services. Ich zog von NYC nach Wien und ben\u00f6tigte einen passenden Lebenslauf. Sean wusste genau, was zu tun war, und verschaffte mir innerhalb weniger Tage Interviews.\u201c<\/div>\n\t\t\t\n\t\t\t\t\t\t<div class=\"elementor-testimonial-meta\">\n\t\t\t\t<div class=\"elementor-testimonial-meta-inner\">\n\t\t\t\t\t\n\t\t\t\t\t\t\t\t\t\t<div class=\"elementor-testimonial-details\">\n\t\t\t\t\t\t\t\t\t\t\t\t\t\t<div class=\"elementor-testimonial-name\">GREG M<\/div>\n\t\t\t\t\t\t\t\t\t\t\t\t\t\t\t\t\t\t\t\t\t\t<div class=\"elementor-testimonial-job\">PRODUCT manager<\/div>\n\t\t\t\t\t\t\t\t\t\t\t\t\t<\/div>\n\t\t\t\t\t\t\t\t\t<\/div>\n\t\t\t<\/div>\n\t\t\t\t\t<\/div>\n\t\t\t\t\t\t<\/div>\n\t\t\t\t<\/div>\n\t\t\t\t<div class=\"elementor-element elementor-element-52630e7 elementor-widget__width-initial elementor-widget-mobile__width-inherit elementor-invisible elementor-widget elementor-widget-testimonial\" data-id=\"52630e7\" data-element_type=\"widget\" data-e-type=\"widget\" data-settings=\"{&quot;_animation&quot;:&quot;fadeInUp&quot;,&quot;_animation_delay&quot;:&quot;200&quot;}\" data-widget_type=\"testimonial.default\">\n\t\t\t\t<div class=\"elementor-widget-container\">\n\t\t\t\t\t\t\t<div class=\"elementor-testimonial-wrapper\">\n\t\t\t\t\t\t\t<div class=\"elementor-testimonial-content\">\u201eIch war anfangs skeptisch, da ich vor vielen Jahren einen \u00e4hnlichen Service im Vereinigten K\u00f6nigreich genutzt hatte, der sich als Lebenslauf-Fabrik herausstellte. Sean hat jedoch den gesamten Weg mit mir gearbeitet und sogar das Bewerbungsschreiben f\u00fcr zwei verschiedene Rollen angepasst. Sehr zufrieden mit den Ergebnissen.\u201c<\/div>\n\t\t\t\n\t\t\t\t\t\t<div class=\"elementor-testimonial-meta\">\n\t\t\t\t<div class=\"elementor-testimonial-meta-inner\">\n\t\t\t\t\t\n\t\t\t\t\t\t\t\t\t\t<div class=\"elementor-testimonial-details\">\n\t\t\t\t\t\t\t\t\t\t\t\t\t\t<div class=\"elementor-testimonial-name\">Hans E.<\/div>\n\t\t\t\t\t\t\t\t\t\t\t\t\t\t\t\t\t\t\t\t\t\t<div class=\"elementor-testimonial-job\">SENIOR software developer<\/div>\n\t\t\t\t\t\t\t\t\t\t\t\t\t<\/div>\n\t\t\t\t\t\t\t\t\t<\/div>\n\t\t\t<\/div>\n\t\t\t\t\t<\/div>\n\t\t\t\t\t\t<\/div>\n\t\t\t\t<\/div>\n\t\t\t\t\t<\/div>\n\t\t\t\t<\/div>\n\t\t\t\t<\/div>\n\t\t\t\t<\/div>\n\t\t","protected":false},"excerpt":{"rendered":"<p>Der CV-Arzt \u2013 Betreuung in \u00d6sterreich, Irland, Deutschland und den Niederlanden Seit \u00fcber einem Jahrzehnt arbeite ich von meinem Standort in Irland aus und habe ein starkes Netzwerk von F\u00fchrungskr\u00e4ften in \u00d6sterreich, Deutschland, den Niederlanden, Spanien und Belgien aufgebaut. Vor mehr als zehn Jahren gr\u00fcndete ich Pro CV in Irland, das sich seither als f\u00fchrend [&hellip;]<\/p>\n","protected":false},"author":1,"featured_media":0,"parent":0,"menu_order":0,"comment_status":"closed","ping_status":"closed","template":"elementor_header_footer","meta":{"ocean_post_layout":"","ocean_both_sidebars_style":"","ocean_both_sidebars_content_width":0,"ocean_both_sidebars_sidebars_width":0,"ocean_sidebar":"","ocean_second_sidebar":"","ocean_disable_margins":"enable","ocean_add_body_class":"","ocean_shortcode_before_top_bar":"","ocean_shortcode_after_top_bar":"","ocean_shortcode_before_header":"","ocean_shortcode_after_header":"","ocean_has_shortcode":"","ocean_shortcode_after_title":"","ocean_shortcode_before_footer_widgets":"","ocean_shortcode_after_footer_widgets":"","ocean_shortcode_before_footer_bottom":"","ocean_shortcode_after_footer_bottom":"","ocean_display_top_bar":"default","ocean_display_header":"default","ocean_header_style":"","ocean_center_header_left_menu":"","ocean_custom_header_template":"","ocean_custom_logo":0,"ocean_custom_retina_logo":0,"ocean_custom_logo_max_width":0,"ocean_custom_logo_tablet_max_width":0,"ocean_custom_logo_mobile_max_width":0,"ocean_custom_logo_max_height":0,"ocean_custom_logo_tablet_max_height":0,"ocean_custom_logo_mobile_max_height":0,"ocean_header_custom_menu":"","ocean_menu_typo_font_family":"","ocean_menu_typo_font_subset":"","ocean_menu_typo_font_size":0,"ocean_menu_typo_font_size_tablet":0,"ocean_menu_typo_font_size_mobile":0,"ocean_menu_typo_font_size_unit":"px","ocean_menu_typo_font_weight":"","ocean_menu_typo_font_weight_tablet":"","ocean_menu_typo_font_weight_mobile":"","ocean_menu_typo_transform":"","ocean_menu_typo_transform_tablet":"","ocean_menu_typo_transform_mobile":"","ocean_menu_typo_line_height":0,"ocean_menu_typo_line_height_tablet":0,"ocean_menu_typo_line_height_mobile":0,"ocean_menu_typo_line_height_unit":"","ocean_menu_typo_spacing":0,"ocean_menu_typo_spacing_tablet":0,"ocean_menu_typo_spacing_mobile":0,"ocean_menu_typo_spacing_unit":"","ocean_menu_link_color":"","ocean_menu_link_color_hover":"","ocean_menu_link_color_active":"","ocean_menu_link_background":"","ocean_menu_link_hover_background":"","ocean_menu_link_active_background":"","ocean_menu_social_links_bg":"","ocean_menu_social_hover_links_bg":"","ocean_menu_social_links_color":"","ocean_menu_social_hover_links_color":"","ocean_disable_title":"default","ocean_disable_heading":"default","ocean_post_title":"","ocean_post_subheading":"","ocean_post_title_style":"","ocean_post_title_background_color":"","ocean_post_title_background":0,"ocean_post_title_bg_image_position":"","ocean_post_title_bg_image_attachment":"","ocean_post_title_bg_image_repeat":"","ocean_post_title_bg_image_size":"","ocean_post_title_height":0,"ocean_post_title_bg_overlay":0.5,"ocean_post_title_bg_overlay_color":"","ocean_disable_breadcrumbs":"default","ocean_breadcrumbs_color":"","ocean_breadcrumbs_separator_color":"","ocean_breadcrumbs_links_color":"","ocean_breadcrumbs_links_hover_color":"","ocean_display_footer_widgets":"default","ocean_display_footer_bottom":"default","ocean_custom_footer_template":"","footnotes":""},"class_list":["post-67","page","type-page","status-publish","hentry","entry"],"aioseo_notices":[],"_links":{"self":[{"href":"https:\/\/cvdoctor.at\/deutsch\/wp-json\/wp\/v2\/pages\/67","targetHints":{"allow":["GET"]}}],"collection":[{"href":"https:\/\/cvdoctor.at\/deutsch\/wp-json\/wp\/v2\/pages"}],"about":[{"href":"https:\/\/cvdoctor.at\/deutsch\/wp-json\/wp\/v2\/types\/page"}],"author":[{"embeddable":true,"href":"https:\/\/cvdoctor.at\/deutsch\/wp-json\/wp\/v2\/users\/1"}],"replies":[{"embeddable":true,"href":"https:\/\/cvdoctor.at\/deutsch\/wp-json\/wp\/v2\/comments?post=67"}],"version-history":[{"count":7,"href":"https:\/\/cvdoctor.at\/deutsch\/wp-json\/wp\/v2\/pages\/67\/revisions"}],"predecessor-version":[{"id":111,"href":"https:\/\/cvdoctor.at\/deutsch\/wp-json\/wp\/v2\/pages\/67\/revisions\/111"}],"wp:attachment":[{"href":"https:\/\/cvdoctor.at\/deutsch\/wp-json\/wp\/v2\/media?parent=67"}],"curies":[{"name":"wp","href":"https:\/\/api.w.org\/{rel}","templated":true}]}}